{"id":56,"date":"2026-01-14T20:07:10","date_gmt":"2026-01-14T20:07:10","guid":{"rendered":"https:\/\/fontenayavecvous.fr\/?page_id=56"},"modified":"2026-02-04T22:25:57","modified_gmt":"2026-02-04T22:25:57","slug":"appel-aux-dons","status":"publish","type":"page","link":"https:\/\/fontenayavecvous.fr\/index.php\/appel-aux-dons\/","title":{"rendered":"Appel aux dons"},"content":{"rendered":"\n<p class=\"has-medium-font-size\">Je soutiens la liste FONTENAY AVEC VOUS avec un don qui donne droit \u00e0 une d\u00e9duction fiscale de 66% du montant vers\u00e9 dans la limite du montant imposable.<\/p>\n\n\n\n<p class=\"has-medium-font-size\">Je retourne ce coupon avec mon ch\u00e8que \u00e0 l\u2019ordre de :<br>\u00ab\u00a0<strong>Michel PEIGNE Mandataire financier de B\u00e9atrice PIERRAT<\/strong>\u00ab\u00a0<\/p>\n\n\n\n<p class=\"has-medium-font-size\">\u00e0 l&rsquo;adresse suivante :<br>6 Rue de la Plaine <br>78330 FONTENAY LE FLEURY.<\/p>\n\n\n\n<p class=\"has-medium-font-size\">NOM :<br>Pr\u00e9nom :<\/p>\n\n\n\n<p class=\"has-medium-font-size\">Adresse :<\/p>\n\n\n\n<p class=\"has-medium-font-size\">T\u00e9l\u00e9phone :<br>email :<\/p>\n\n\n\n<p class=\"has-medium-font-size\">Montant du don :<\/p>\n\n\n\n<p class=\"has-medium-font-size\">Date :<br>Signature :<\/p>\n\n\n\n<p><\/p>\n","protected":false},"excerpt":{"rendered":"<p>Je soutiens la liste FONTENAY AVEC VOUS avec un don qui donne droit \u00e0 une d\u00e9duction fiscale de 66% du montant vers\u00e9 dans la limite du montant imposable. Je retourne ce coupon avec mon ch\u00e8que \u00e0 l\u2019ordre de :\u00ab\u00a0Michel PEIGNE Mandataire financier de B\u00e9atrice PIERRAT\u00ab\u00a0 \u00e0 l&rsquo;adresse suivante :6 Rue de la Plaine 78330 FONTENAY [&hellip;]<\/p>\n","protected":false},"author":1,"featured_media":0,"parent":0,"menu_order":0,"comment_status":"closed","ping_status":"closed","template":"","meta":{"footnotes":""},"class_list":["post-56","page","type-page","status-publish","hentry"],"_links":{"self":[{"href":"https:\/\/fontenayavecvous.fr\/index.php\/wp-json\/wp\/v2\/pages\/56","targetHints":{"allow":["GET"]}}],"collection":[{"href":"https:\/\/fontenayavecvous.fr\/index.php\/wp-json\/wp\/v2\/pages"}],"about":[{"href":"https:\/\/fontenayavecvous.fr\/index.php\/wp-json\/wp\/v2\/types\/page"}],"author":[{"embeddable":true,"href":"https:\/\/fontenayavecvous.fr\/index.php\/wp-json\/wp\/v2\/users\/1"}],"replies":[{"embeddable":true,"href":"https:\/\/fontenayavecvous.fr\/index.php\/wp-json\/wp\/v2\/comments?post=56"}],"version-history":[{"count":4,"href":"https:\/\/fontenayavecvous.fr\/index.php\/wp-json\/wp\/v2\/pages\/56\/revisions"}],"predecessor-version":[{"id":299,"href":"https:\/\/fontenayavecvous.fr\/index.php\/wp-json\/wp\/v2\/pages\/56\/revisions\/299"}],"wp:attachment":[{"href":"https:\/\/fontenayavecvous.fr\/index.php\/wp-json\/wp\/v2\/media?parent=56"}],"curies":[{"name":"wp","href":"https:\/\/api.w.org\/{rel}","templated":true}]}}