{"id":51,"date":"2026-01-14T19:51:32","date_gmt":"2026-01-14T19:51:32","guid":{"rendered":"https:\/\/fontenayavecvous.fr\/?page_id=51"},"modified":"2026-02-01T18:25:19","modified_gmt":"2026-02-01T18:25:19","slug":"procuration","status":"publish","type":"page","link":"https:\/\/fontenayavecvous.fr\/index.php\/procuration\/","title":{"rendered":"Procuration"},"content":{"rendered":"\n<p class=\"has-medium-font-size\">Vous \u00eates absent le 15 Mars et n&rsquo;avez personne \u00e0 qui confier votre procuration, contactez-nous \u00e0 l&rsquo;adresse <a href=\"mailto:fontenayavecvous@laposte.net\">fontenayavecvous@laposte.net<\/a> et nous pourrons vous communiquer le nom d&rsquo;une personne qui pourra voter \u00e0 votre place.<\/p>\n\n\n\n<p>Voici le lien pour faire la procuration par Internet :<br><a href=\"https:\/\/www.service-public.gouv.fr\/particuliers\/vosdroits\/R58939\">https:\/\/www.service-public.gouv.fr\/particuliers\/vosdroits\/R58939<\/a><\/p>\n\n\n\n<p><\/p>\n","protected":false},"excerpt":{"rendered":"<p>Vous \u00eates absent le 15 Mars et n&rsquo;avez personne \u00e0 qui confier votre procuration, contactez-nous \u00e0 l&rsquo;adresse fontenayavecvous@laposte.net et nous pourrons vous communiquer le nom d&rsquo;une personne qui pourra voter \u00e0 votre place. Voici le lien pour faire la procuration par Internet :https:\/\/www.service-public.gouv.fr\/particuliers\/vosdroits\/R58939<\/p>\n","protected":false},"author":1,"featured_media":0,"parent":0,"menu_order":0,"comment_status":"closed","ping_status":"closed","template":"","meta":{"footnotes":""},"class_list":["post-51","page","type-page","status-publish","hentry"],"_links":{"self":[{"href":"https:\/\/fontenayavecvous.fr\/index.php\/wp-json\/wp\/v2\/pages\/51","targetHints":{"allow":["GET"]}}],"collection":[{"href":"https:\/\/fontenayavecvous.fr\/index.php\/wp-json\/wp\/v2\/pages"}],"about":[{"href":"https:\/\/fontenayavecvous.fr\/index.php\/wp-json\/wp\/v2\/types\/page"}],"author":[{"embeddable":true,"href":"https:\/\/fontenayavecvous.fr\/index.php\/wp-json\/wp\/v2\/users\/1"}],"replies":[{"embeddable":true,"href":"https:\/\/fontenayavecvous.fr\/index.php\/wp-json\/wp\/v2\/comments?post=51"}],"version-history":[{"count":6,"href":"https:\/\/fontenayavecvous.fr\/index.php\/wp-json\/wp\/v2\/pages\/51\/revisions"}],"predecessor-version":[{"id":237,"href":"https:\/\/fontenayavecvous.fr\/index.php\/wp-json\/wp\/v2\/pages\/51\/revisions\/237"}],"wp:attachment":[{"href":"https:\/\/fontenayavecvous.fr\/index.php\/wp-json\/wp\/v2\/media?parent=51"}],"curies":[{"name":"wp","href":"https:\/\/api.w.org\/{rel}","templated":true}]}}